{"id":1135,"date":"2025-06-27T13:18:42","date_gmt":"2025-06-27T13:18:42","guid":{"rendered":"https:\/\/appointments.uni-dg.md\/?page_id=1135"},"modified":"2025-07-01T09:33:54","modified_gmt":"2025-07-01T09:33:54","slug":"requirements","status":"publish","type":"page","link":"https:\/\/appointments.uni-dg.md\/ro\/requirements\/","title":{"rendered":"Cerin\u021be"},"content":{"rendered":"<div data-elementor-type=\"wp-page\" data-elementor-id=\"1135\" class=\"elementor elementor-1135\" data-elementor-post-type=\"page\">\n\t\t\t\t<div class=\"elementor-element elementor-element-b427aa7 e-flex e-con-boxed e-con e-parent\" data-id=\"b427aa7\" data-element_type=\"container\" data-settings=\"{&quot;background_background&quot;:&quot;classic&quot;}\">\n\t\t\t\t\t<div class=\"e-con-inner\">\n\t\t<div class=\"elementor-element elementor-element-09c2703 e-con-full e-flex e-con e-child\" data-id=\"09c2703\" data-element_type=\"container\">\n\t\t\t\t<div class=\"elementor-element elementor-element-f107e89 elementor-widget__width-initial elementor-widget elementor-widget-heading\" data-id=\"f107e89\" data-element_type=\"widget\" data-widget_type=\"heading.default\">\n\t\t\t\t<div class=\"elementor-widget-container\">\n\t\t\t\t\t<h2 class=\"elementor-heading-title elementor-size-default\">Afla\u021bi cum s\u0103 aplica\u021bi la UDG<\/h2>\t\t\t\t<\/div>\n\t\t\t\t<\/div>\n\t\t\t\t<div class=\"elementor-element elementor-element-96e7aed elementor-widget__width-initial elementor-widget elementor-widget-text-editor\" data-id=\"96e7aed\" data-element_type=\"widget\" data-widget_type=\"text-editor.default\">\n\t\t\t\t<div class=\"elementor-widget-container\">\n\t\t\t\t\t\t\t\t\t<p>Vrem s\u0103 vedem cine e\u0219ti, nu doar notele tale. Ne uit\u0103m la realiz\u0103rile \u0219colare, hobby-urile, caracterul \u0219i povestea vie\u021bii tale. Nu exist\u0103 un singur tip de student UDG \u0219i nici un candidat perfect. Abia a\u0219tept\u0103m s\u0103 afl\u0103m mai multe despre tine.<\/p>\t\t\t\t\t\t\t\t<\/div>\n\t\t\t\t<\/div>\n\t\t\t\t<\/div>\n\t\t\t\t\t<\/div>\n\t\t\t\t<\/div>\n\t\t<div class=\"elementor-element elementor-element-42039ea e-flex e-con-boxed e-con e-parent\" data-id=\"42039ea\" data-element_type=\"container\">\n\t\t\t\t\t<div class=\"e-con-inner\">\n\t\t<div class=\"elementor-element elementor-element-fceaa96 e-con-full e-flex e-con e-child\" data-id=\"fceaa96\" data-element_type=\"container\" id=\"how-to-apply-page\">\n\t\t\t\t<div class=\"elementor-element elementor-element-8a45e33 elementor-toc--minimized-on-mobile elementor-widget__width-initial elementor-widget elementor-widget-table-of-contents\" data-id=\"8a45e33\" data-element_type=\"widget\" data-settings=\"{&quot;container&quot;:&quot;#how-to-apply-page&quot;,&quot;exclude_headings_by_selector&quot;:[],&quot;marker_view&quot;:&quot;bullets&quot;,&quot;icon&quot;:{&quot;value&quot;:&quot;&quot;,&quot;library&quot;:&quot;&quot;},&quot;no_headings_message&quot;:&quot;No headings were found on this page.&quot;,&quot;minimized_on&quot;:&quot;mobile&quot;,&quot;headings_by_tags&quot;:[&quot;h2&quot;,&quot;h3&quot;,&quot;h4&quot;,&quot;h5&quot;,&quot;h6&quot;],&quot;minimize_box&quot;:&quot;yes&quot;,&quot;hierarchical_view&quot;:&quot;yes&quot;,&quot;min_height&quot;:{&quot;unit&quot;:&quot;px&quot;,&quot;size&quot;:&quot;&quot;,&quot;sizes&quot;:[]},&quot;min_height_tablet&quot;:{&quot;unit&quot;:&quot;px&quot;,&quot;size&quot;:&quot;&quot;,&quot;sizes&quot;:[]},&quot;min_height_mobile&quot;:{&quot;unit&quot;:&quot;px&quot;,&quot;size&quot;:&quot;&quot;,&quot;sizes&quot;:[]}}\" data-widget_type=\"table-of-contents.default\">\n\t\t\t\t<div class=\"elementor-widget-container\">\n\t\t\t\t\t\t\t\t\t<div class=\"elementor-toc__header\">\n\t\t\t\t\t\t<h4 class=\"elementor-toc__header-title\">\n\t\t\t\tPe aceast\u0103 pagin\u0103:\t\t\t<\/h4>\n\t\t\t\t\t\t\t\t\t\t<div class=\"elementor-toc__toggle-button elementor-toc__toggle-button--expand\" role=\"button\" tabindex=\"0\" aria-controls=\"elementor-toc__8a45e33\" aria-expanded=\"true\" aria-label=\"Deschide\u021bi tabelul de con\u021binut\"><svg aria-hidden=\"true\" class=\"e-font-icon-svg e-fas-chevron-down\" viewbox=\"0 0 448 512\" xmlns=\"http:\/\/www.w3.org\/2000\/svg\"><path d=\"M207.029 381.476L12.686 187.132c-9.373-9.373-9.373-24.569 0-33.941l22.667-22.667c9.357-9.357 24.522-9.375 33.901-.04L224 284.505l154.745-154.021c9.379-9.335 24.544-9.317 33.901.04l22.667 22.667c9.373 9.373 9.373 24.569 0 33.941L240.971 381.476c-9.373 9.372-24.569 9.372-33.942 0z\"><\/path><\/svg><\/div>\n\t\t\t\t<div class=\"elementor-toc__toggle-button elementor-toc__toggle-button--collapse\" role=\"button\" tabindex=\"0\" aria-controls=\"elementor-toc__8a45e33\" aria-expanded=\"true\" aria-label=\"\u00cenchide tabelul de con\u021binut\"><svg aria-hidden=\"true\" class=\"e-font-icon-svg e-fas-chevron-up\" viewbox=\"0 0 448 512\" xmlns=\"http:\/\/www.w3.org\/2000\/svg\"><path d=\"M240.971 130.524l194.343 194.343c9.373 9.373 9.373 24.569 0 33.941l-22.667 22.667c-9.357 9.357-24.522 9.375-33.901.04L224 227.495 69.255 381.516c-9.379 9.335-24.544 9.317-33.901-.04l-22.667-22.667c-9.373-9.373-9.373-24.569 0-33.941L207.03 130.525c9.372-9.373 24.568-9.373 33.941-.001z\"><\/path><\/svg><\/div>\n\t\t\t\t\t<\/div>\n\t\t\t\t<div id=\"elementor-toc__8a45e33\" class=\"elementor-toc__body\">\n\t\t\t<div class=\"elementor-toc__spinner-container\">\n\t\t\t\t<svg class=\"elementor-toc__spinner eicon-animation-spin e-font-icon-svg e-eicon-loading\" aria-hidden=\"true\" viewbox=\"0 0 1000 1000\" xmlns=\"http:\/\/www.w3.org\/2000\/svg\"><path d=\"M500 975V858C696 858 858 696 858 500S696 142 500 142 142 304 142 500H25C25 237 238 25 500 25S975 237 975 500 763 975 500 975Z\"><\/path><\/svg>\t\t\t<\/div>\n\t\t<\/div>\n\t\t\t\t\t\t<\/div>\n\t\t\t\t<\/div>\n\t\t\t\t<div class=\"elementor-element elementor-element-4904c80 elementor-widget-divider--view-line elementor-widget elementor-widget-divider\" data-id=\"4904c80\" data-element_type=\"widget\" data-widget_type=\"divider.default\">\n\t\t\t\t<div class=\"elementor-widget-container\">\n\t\t\t\t\t\t\t<div class=\"elementor-divider\">\n\t\t\t<span class=\"elementor-divider-separator\">\n\t\t\t\t\t\t<\/span>\n\t\t<\/div>\n\t\t\t\t\t\t<\/div>\n\t\t\t\t<\/div>\n\t\t<div class=\"elementor-element elementor-element-f2534f7 e-con-full e-flex e-con e-child\" data-id=\"f2534f7\" data-element_type=\"container\">\n\t\t<div class=\"elementor-element elementor-element-0977c30 e-con-full e-flex e-con e-child\" data-id=\"0977c30\" data-element_type=\"container\">\n\t\t\t\t<div class=\"elementor-element elementor-element-9688730 elementor-widget elementor-widget-heading\" data-id=\"9688730\" data-element_type=\"widget\" data-widget_type=\"heading.default\">\n\t\t\t\t<div class=\"elementor-widget-container\">\n\t\t\t\t\t<h2 class=\"elementor-heading-title elementor-size-default\">Diplome de licen\u021b\u0103<\/h2>\t\t\t\t<\/div>\n\t\t\t\t<\/div>\n\t\t\t\t<\/div>\n\t\t<div class=\"elementor-element elementor-element-d260b8e e-con-full e-flex e-con e-child\" data-id=\"d260b8e\" data-element_type=\"container\">\n\t\t\t\t<div class=\"elementor-element elementor-element-1b8c746 elementor-widget elementor-widget-text-editor\" data-id=\"1b8c746\" data-element_type=\"widget\" data-widget_type=\"text-editor.default\">\n\t\t\t\t<div class=\"elementor-widget-container\">\n\t\t\t\t\t\t\t\t\t<p class=\"p1\">Universitatea DIVITIA GRATIAE admite la programele sale studen\u021bi cu v\u00e2rsta cuprins\u0103 \u00eentre 18 \u0219i 35 de ani, care de\u021bin o diplom\u0103 de bacalaureat sau un certificat de absolvire a \u00eenv\u0103\u021b\u0103m\u00e2ntului secundar (pentru reziden\u021bii din Transnistria \u0219i din Comunitatea Statelor Independente - CSI). \u00cen cadrul programelor de Teologie \u0219i Misiune, prioritate la admitere au candida\u021bii care sunt membri ai unei biserici evanghelice, cu implicare \u0219i prezen\u021b\u0103 constant\u0103 timp de cel pu\u021bin doi ani.<\/p><p class=\"p1\">Pentru a aplica la unul dintre programele noastre de licen\u021b\u0103, sunt necesare urm\u0103toarele documente:<\/p><ul><li class=\"p1\"><strong>Cerere online<\/strong>\u00a0- https:\/\/www.uni-dg.md\/ro\/admissions\/;<\/li><li class=\"p1\"><strong>Copie a actului de identitate<\/strong>\u00a0(carte de identitate pentru reziden\u021bii locali, pa\u0219aport interna\u021bional pentru cet\u0103\u021benii str\u0103ini);<\/li><li class=\"p1\"><strong>Originalul \u0219i copia diplomei de absolvire a \u00eenv\u0103\u021b\u0103m\u00e2ntului secundar superior<\/strong>\u00a0\/ diplom\u0103 de \u00eenv\u0103\u021b\u0103m\u00e2nt secundar superior (clasele a XI-a \/ a XII-a) \/ diplom\u0103 de \u00eenv\u0103\u021b\u0103m\u00e2nt profesional (colegiu);<\/li><li class=\"p1\"><em><strong><a href=\"http:\/\/www.uni-dg.md\/wp-content\/uploads\/2023\/04\/Recomandarea-pastorului.pdf\">Scrisoare de recomandare<\/a><\/strong><\/em><strong>\u00a0\u00a0<img decoding=\"async\" class=\"emoji\" role=\"img\" draggable=\"false\" src=\"https:\/\/s.w.org\/images\/core\/emoji\/14.0.0\/svg\/2b07.svg\" alt=\"\u2b07\ufe0f\" \/>\u00a0<\/strong>de la un pastor sau preot care s\u0103 confirme implicarea dvs. \u00een biseric\u0103, precum \u0219i dorin\u021ba \u0219i capacitatea dvs. de a v\u0103 continua studiile;<\/li><li class=\"p1\"><strong>Un certificat medical<\/strong>\u00a0(formularul nr. 086), care confirm\u0103 starea dumneavoastr\u0103 de s\u0103n\u0103tate;<\/li><li class=\"p1\"><strong>O autobiografie<\/strong>, descriindu-v\u0103 via\u021ba p\u00e2n\u0103 \u00een prezent;<\/li><li class=\"p1\"><strong>3 fotografii<\/strong>\u00a0(format 3,5\u00d74,5 cm);<\/li><li class=\"p1\"><strong><img decoding=\"async\" class=\"emoji\" role=\"img\" draggable=\"false\" src=\"https:\/\/s.w.org\/images\/core\/emoji\/14.0.0\/svg\/26a0.svg\" alt=\"\u26a0\ufe0f\" \/>\u00a0Cet\u0103\u021beni str\u0103ini \u0219i nereziden\u021bi<\/strong>\u00a0trebuie s\u0103 prezinte un certificat de cazier judiciar eliberat la nivel na\u021bional (nu la nivel regional), redactat \u00een limba rus\u0103 sau englez\u0103. F\u0103r\u0103 acest document, admiterea nu este posibil\u0103.<\/li><\/ul><p><br \/>Fiecare candidat va fi intervievat de comisia de admitere, data interviului fiind stabilit\u0103 \u00een prealabil. Documentele trebuie depuse la biroul universit\u0103\u021bii \u00een perioada 1-29 august.<\/p>\t\t\t\t\t\t\t\t<\/div>\n\t\t\t\t<\/div>\n\t\t\t\t<div class=\"elementor-element elementor-element-ce0f394 elementor-widget elementor-widget-button\" data-id=\"ce0f394\" data-element_type=\"widget\" data-widget_type=\"button.default\">\n\t\t\t\t<div class=\"elementor-widget-container\">\n\t\t\t\t\t\t\t\t\t<div class=\"elementor-button-wrapper\">\n\t\t\t\t\t<a class=\"elementor-button elementor-button-link elementor-size-sm\" href=\"https:\/\/appointments.uni-dg.md\/wp-content\/uploads\/2025\/07\/Recomandarea-pastorului.pdf\">\n\t\t\t\t\t\t<span class=\"elementor-button-content-wrapper\">\n\t\t\t\t\t\t<span class=\"elementor-button-icon\">\n\t\t\t\t<svg aria-hidden=\"true\" class=\"e-font-icon-svg e-fas-file-download\" viewbox=\"0 0 384 512\" xmlns=\"http:\/\/www.w3.org\/2000\/svg\"><path d=\"M224 136V0H24C10.7 0 0 10.7 0 24v464c0 13.3 10.7 24 24 24h336c13.3 0 24-10.7 24-24V160H248c-13.2 0-24-10.8-24-24zm76.45 211.36l-96.42 95.7c-6.65 6.61-17.39 6.61-24.04 0l-96.42-95.7C73.42 337.29 80.54 320 94.82 320H160v-80c0-8.84 7.16-16 16-16h32c8.84 0 16 7.16 16 16v80h65.18c14.28 0 21.4 17.29 11.27 27.36zM377 105L279.1 7c-4.5-4.5-10.6-7-17-7H256v128h128v-6.1c0-6.3-2.5-12.4-7-16.9z\"><\/path><\/svg>\t\t\t<\/span>\n\t\t\t\t\t\t\t\t\t<span class=\"elementor-button-text\">MODEL DE SCRISOARE<\/span>\n\t\t\t\t\t<\/span>\n\t\t\t\t\t<\/a>\n\t\t\t\t<\/div>\n\t\t\t\t\t\t\t\t<\/div>\n\t\t\t\t<\/div>\n\t\t\t\t<\/div>\n\t\t\t\t<\/div>\n\t\t\t\t<div class=\"elementor-element elementor-element-3d4ea0e elementor-widget-divider--view-line elementor-widget elementor-widget-divider\" data-id=\"3d4ea0e\" data-element_type=\"widget\" data-widget_type=\"divider.default\">\n\t\t\t\t<div class=\"elementor-widget-container\">\n\t\t\t\t\t\t\t<div class=\"elementor-divider\">\n\t\t\t<span class=\"elementor-divider-separator\">\n\t\t\t\t\t\t<\/span>\n\t\t<\/div>\n\t\t\t\t\t\t<\/div>\n\t\t\t\t<\/div>\n\t\t<div class=\"elementor-element elementor-element-a028cb8 e-con-full e-flex e-con e-child\" data-id=\"a028cb8\" data-element_type=\"container\">\n\t\t<div class=\"elementor-element elementor-element-d6b7851 e-con-full e-flex e-con e-child\" data-id=\"d6b7851\" data-element_type=\"container\">\n\t\t\t\t<div class=\"elementor-element elementor-element-43be306 elementor-widget elementor-widget-heading\" data-id=\"43be306\" data-element_type=\"widget\" data-widget_type=\"heading.default\">\n\t\t\t\t<div class=\"elementor-widget-container\">\n\t\t\t\t\t<h2 class=\"elementor-heading-title elementor-size-default\">Diplome part-time<\/h2>\t\t\t\t<\/div>\n\t\t\t\t<\/div>\n\t\t\t\t<\/div>\n\t\t<div class=\"elementor-element elementor-element-36192b4 e-con-full e-flex e-con e-child\" data-id=\"36192b4\" data-element_type=\"container\">\n\t\t\t\t<div class=\"elementor-element elementor-element-e51f692 elementor-widget elementor-widget-text-editor\" data-id=\"e51f692\" data-element_type=\"widget\" data-widget_type=\"text-editor.default\">\n\t\t\t\t<div class=\"elementor-widget-container\">\n\t\t\t\t\t\t\t\t\t<p>Programul de nivel 5 este oferit \u00een format part-time \u0219i are o durat\u0103 de doi ani. Acesta vizeaz\u0103 echiparea cre\u0219tinilor din bisericile evanghelice cu cuno\u0219tin\u021bele \u0219i abilit\u0103\u021bile practice necesare pentru o slujire eficient\u0103 \u00een domeniul consilierii \u0219i predic\u0103rii cre\u0219tine, precum \u0219i pentru cre\u0219terea lor spiritual\u0103 \u0219i de caracter.<\/p><p>Informa\u021bii suplimentare:<\/p><ul><li>Programele sunt deschise cre\u0219tinilor cu v\u00e2rsta de peste 18 ani care sunt membri ai bisericii evanghelice.<\/li><li>Acesta const\u0103 \u00een 8 sesiuni academice pe an, fiecare av\u00e2nd o durat\u0103 de cinci zile \u00een modul offline.<\/li><li>Cursurile au loc lunar, din septembrie p\u00e2n\u0103 \u00een aprilie.<\/li><li>Locul de desf\u0103\u0219urare - campusul universitar.<\/li><\/ul><p><br \/>Urm\u0103toarele documente sunt necesare pentru admitere:<\/p><ul><li><strong>Cerere online<\/strong>\u00a0(https:\/\/www.uni-dg.md\/en\/admissions\/)<\/li><li><strong>Copie a c\u0103r\u021bii de identitate<\/strong><\/li><li><strong>Original \u0219i copie a certificatului de absolvire a \u00eenv\u0103\u021b\u0103m\u00e2ntului secundar inferior<\/strong>\u00a0(9 clase) \/ \u00cenv\u0103\u021b\u0103m\u00e2nt secundar superior (11 clase \/ 12 clase) \u00cenv\u0103\u021b\u0103m\u00e2nt profesional (colegiu).<\/li><li><em><strong><a href=\"http:\/\/www.uni-dg.md\/wp-content\/uploads\/2023\/04\/Recomandarea-pastorului.pdf\">Scrisoare de recomandare<\/a><\/strong><\/em><strong>\u00a0\u00a0<img decoding=\"async\" class=\"emoji\" role=\"img\" draggable=\"false\" src=\"https:\/\/s.w.org\/images\/core\/emoji\/14.0.0\/svg\/2b07.svg\" alt=\"\u2b07\ufe0f\" \/>\u00a0<\/strong>de la pastor<\/li><li><strong>2 fotografii<\/strong>\u00a0(format 3,5\u00d74,5 cm)<\/li><\/ul><p><br \/>Fiecare candidat va fi intervievat de comisia de admitere, data interviului fiind stabilit\u0103 \u00een prealabil. Documentele trebuie depuse la biroul universit\u0103\u021bii \u00een perioada 1-29 august.<\/p>\t\t\t\t\t\t\t\t<\/div>\n\t\t\t\t<\/div>\n\t\t\t\t<div class=\"elementor-element elementor-element-f653061 elementor-widget elementor-widget-button\" data-id=\"f653061\" data-element_type=\"widget\" data-widget_type=\"button.default\">\n\t\t\t\t<div class=\"elementor-widget-container\">\n\t\t\t\t\t\t\t\t\t<div class=\"elementor-button-wrapper\">\n\t\t\t\t\t<a class=\"elementor-button elementor-button-link elementor-size-sm\" href=\"https:\/\/appointments.uni-dg.md\/wp-content\/uploads\/2025\/07\/Recomandarea-pastorului.pdf\">\n\t\t\t\t\t\t<span class=\"elementor-button-content-wrapper\">\n\t\t\t\t\t\t<span class=\"elementor-button-icon\">\n\t\t\t\t<svg aria-hidden=\"true\" class=\"e-font-icon-svg e-fas-file-download\" viewbox=\"0 0 384 512\" xmlns=\"http:\/\/www.w3.org\/2000\/svg\"><path d=\"M224 136V0H24C10.7 0 0 10.7 0 24v464c0 13.3 10.7 24 24 24h336c13.3 0 24-10.7 24-24V160H248c-13.2 0-24-10.8-24-24zm76.45 211.36l-96.42 95.7c-6.65 6.61-17.39 6.61-24.04 0l-96.42-95.7C73.42 337.29 80.54 320 94.82 320H160v-80c0-8.84 7.16-16 16-16h32c8.84 0 16 7.16 16 16v80h65.18c14.28 0 21.4 17.29 11.27 27.36zM377 105L279.1 7c-4.5-4.5-10.6-7-17-7H256v128h128v-6.1c0-6.3-2.5-12.4-7-16.9z\"><\/path><\/svg>\t\t\t<\/span>\n\t\t\t\t\t\t\t\t\t<span class=\"elementor-button-text\">MODEL DE SCRISOARE<\/span>\n\t\t\t\t\t<\/span>\n\t\t\t\t\t<\/a>\n\t\t\t\t<\/div>\n\t\t\t\t\t\t\t\t<\/div>\n\t\t\t\t<\/div>\n\t\t\t\t<\/div>\n\t\t\t\t<\/div>\n\t\t\t\t<div class=\"elementor-element elementor-element-6a95c0c elementor-widget-divider--view-line elementor-widget elementor-widget-divider\" data-id=\"6a95c0c\" data-element_type=\"widget\" data-widget_type=\"divider.default\">\n\t\t\t\t<div class=\"elementor-widget-container\">\n\t\t\t\t\t\t\t<div class=\"elementor-divider\">\n\t\t\t<span class=\"elementor-divider-separator\">\n\t\t\t\t\t\t<\/span>\n\t\t<\/div>\n\t\t\t\t\t\t<\/div>\n\t\t\t\t<\/div>\n\t\t<div class=\"elementor-element elementor-element-5caf01d e-con-full e-flex e-con e-child\" data-id=\"5caf01d\" data-element_type=\"container\">\n\t\t<div class=\"elementor-element elementor-element-562d755 e-con-full e-flex e-con e-child\" data-id=\"562d755\" data-element_type=\"container\">\n\t\t\t\t<div class=\"elementor-element elementor-element-9326b73 elementor-widget elementor-widget-heading\" data-id=\"9326b73\" data-element_type=\"widget\" data-widget_type=\"heading.default\">\n\t\t\t\t<div class=\"elementor-widget-container\">\n\t\t\t\t\t<h2 class=\"elementor-heading-title elementor-size-default\">Diplome de master<\/h2>\t\t\t\t<\/div>\n\t\t\t\t<\/div>\n\t\t\t\t<\/div>\n\t\t<div class=\"elementor-element elementor-element-ae1256d e-con-full e-flex e-con e-child\" data-id=\"ae1256d\" data-element_type=\"container\">\n\t\t\t\t<div class=\"elementor-element elementor-element-15ded05 elementor-widget elementor-widget-text-editor\" data-id=\"15ded05\" data-element_type=\"widget\" data-widget_type=\"text-editor.default\">\n\t\t\t\t<div class=\"elementor-widget-container\">\n\t\t\t\t\t\t\t\t\t<p class=\"p1\">Universitatea DIVITIA GRATIAE accept\u0103 studen\u021bi cu diplom\u0103 de licen\u021b\u0103 pentru programul de masterat. Candida\u021bii trebuie s\u0103 fie membri activi ai bisericii evanghelice care au o implicare permanent\u0103 \u0219i dovedit\u0103 \u00een via\u021ba bisericii.<\/p><p class=\"p1\">Pentru a aplica pentru acest program, sunt necesare urm\u0103toarele documente:<\/p><ul><li class=\"p1\"><strong>Cerere online<\/strong>\u00a0- https:\/\/www.uni-dg.md\/en\/admissions\/;<\/li><li class=\"p1\"><strong>Copie a c\u0103r\u021bii de identitate<\/strong>\u00a0(carte de identitate pentru reziden\u021bii locali, pa\u0219aport interna\u021bional pentru cet\u0103\u021benii str\u0103ini);<\/li><li class=\"p1\"><strong>Original \u0219i copie a diplomei de licen\u021b\u0103<\/strong>\u00a0diplom\u0103 sau document de studii echivalent;<\/li><li class=\"p1\"><strong>Copie a suplimentului la diplom\u0103;<\/strong><\/li><li class=\"p1\"><em><strong><a href=\"http:\/\/www.uni-dg.md\/wp-content\/uploads\/2023\/04\/Recomandarea-pastorului.pdf\">Scrisoare de recomandare<\/a><\/strong><\/em><strong>\u00a0\u00a0<img decoding=\"async\" class=\"emoji\" role=\"img\" draggable=\"false\" src=\"https:\/\/s.w.org\/images\/core\/emoji\/14.0.0\/svg\/2b07.svg\" alt=\"\u2b07\ufe0f\" \/>\u00a0<\/strong>din partea pastorului sau a preotului care confirm\u0103 implicarea dumneavoastr\u0103 \u00een activitatea bisericii;<\/li><li class=\"p1\"><strong>Biografie<\/strong>\u00a0s\u0103 v\u0103 descrie\u021bi via\u021ba \u00een momentul prezent;<\/li><li class=\"p1\"><strong>3 fotografii<\/strong>\u00a0(format 3,5\u00d74,5 cm);<\/li><\/ul><p class=\"p1\">Fiecare candidat va fi intervievat de Comisia de admitere, data interviului fiind stabilit\u0103 \u00een prealabil. Documentele vor fi depuse la biroul universit\u0103\u021bii \u00een perioada 1-29 august.<\/p>\t\t\t\t\t\t\t\t<\/div>\n\t\t\t\t<\/div>\n\t\t\t\t<div class=\"elementor-element elementor-element-0f37c04 elementor-widget elementor-widget-button\" data-id=\"0f37c04\" data-element_type=\"widget\" data-widget_type=\"button.default\">\n\t\t\t\t<div class=\"elementor-widget-container\">\n\t\t\t\t\t\t\t\t\t<div class=\"elementor-button-wrapper\">\n\t\t\t\t\t<a class=\"elementor-button elementor-button-link elementor-size-sm\" href=\"https:\/\/appointments.uni-dg.md\/wp-content\/uploads\/2025\/07\/Recomandarea-pastorului.pdf\">\n\t\t\t\t\t\t<span class=\"elementor-button-content-wrapper\">\n\t\t\t\t\t\t<span class=\"elementor-button-icon\">\n\t\t\t\t<svg aria-hidden=\"true\" class=\"e-font-icon-svg e-fas-file-download\" viewbox=\"0 0 384 512\" xmlns=\"http:\/\/www.w3.org\/2000\/svg\"><path d=\"M224 136V0H24C10.7 0 0 10.7 0 24v464c0 13.3 10.7 24 24 24h336c13.3 0 24-10.7 24-24V160H248c-13.2 0-24-10.8-24-24zm76.45 211.36l-96.42 95.7c-6.65 6.61-17.39 6.61-24.04 0l-96.42-95.7C73.42 337.29 80.54 320 94.82 320H160v-80c0-8.84 7.16-16 16-16h32c8.84 0 16 7.16 16 16v80h65.18c14.28 0 21.4 17.29 11.27 27.36zM377 105L279.1 7c-4.5-4.5-10.6-7-17-7H256v128h128v-6.1c0-6.3-2.5-12.4-7-16.9z\"><\/path><\/svg>\t\t\t<\/span>\n\t\t\t\t\t\t\t\t\t<span class=\"elementor-button-text\">MODEL DE SCRISOARE<\/span>\n\t\t\t\t\t<\/span>\n\t\t\t\t\t<\/a>\n\t\t\t\t<\/div>\n\t\t\t\t\t\t\t\t<\/div>\n\t\t\t\t<\/div>\n\t\t\t\t<\/div>\n\t\t\t\t<\/div>\n\t\t\t\t<\/div>\n\t\t\t\t\t<\/div>\n\t\t\t\t<\/div>\n\t\t\t\t<\/div>","protected":false},"excerpt":{"rendered":"<p>Learn how to apply at UDG We want to see who you are, not just your grades. We look at your school achievements, hobbies, character, and life story. There\u2019s no single type of UDG student and no perfect applicant. We can\u2019t wait to learn more about you. On this page: Bachelor Degrees DIVITIA GRATIAE University [&hellip;]<\/p>","protected":false},"author":1,"featured_media":0,"parent":0,"menu_order":0,"comment_status":"closed","ping_status":"closed","template":"","meta":{"_acf_changed":false,"footnotes":""},"class_list":["post-1135","page","type-page","status-publish","hentry"],"acf":[],"_links":{"self":[{"href":"https:\/\/appointments.uni-dg.md\/ro\/wp-json\/wp\/v2\/pages\/1135","targetHints":{"allow":["GET"]}}],"collection":[{"href":"https:\/\/appointments.uni-dg.md\/ro\/wp-json\/wp\/v2\/pages"}],"about":[{"href":"https:\/\/appointments.uni-dg.md\/ro\/wp-json\/wp\/v2\/types\/page"}],"author":[{"embeddable":true,"href":"https:\/\/appointments.uni-dg.md\/ro\/wp-json\/wp\/v2\/users\/1"}],"replies":[{"embeddable":true,"href":"https:\/\/appointments.uni-dg.md\/ro\/wp-json\/wp\/v2\/comments?post=1135"}],"version-history":[{"count":58,"href":"https:\/\/appointments.uni-dg.md\/ro\/wp-json\/wp\/v2\/pages\/1135\/revisions"}],"predecessor-version":[{"id":1258,"href":"https:\/\/appointments.uni-dg.md\/ro\/wp-json\/wp\/v2\/pages\/1135\/revisions\/1258"}],"wp:attachment":[{"href":"https:\/\/appointments.uni-dg.md\/ro\/wp-json\/wp\/v2\/media?parent=1135"}],"curies":[{"name":"wp","href":"https:\/\/api.w.org\/{rel}","templated":true}]}}