{"id":1196,"date":"2025-06-30T09:29:52","date_gmt":"2025-06-30T09:29:52","guid":{"rendered":"https:\/\/appointments.uni-dg.md\/?page_id=1196"},"modified":"2025-06-30T10:33:52","modified_gmt":"2025-06-30T10:33:52","slug":"accreditation","status":"publish","type":"page","link":"https:\/\/appointments.uni-dg.md\/ro\/accreditation\/","title":{"rendered":"Acreditare"},"content":{"rendered":"<div data-elementor-type=\"wp-page\" data-elementor-id=\"1196\" class=\"elementor elementor-1196\" data-elementor-post-type=\"page\">\n\t\t\t\t<div class=\"elementor-element elementor-element-3b9182e e-flex e-con-boxed e-con e-parent\" data-id=\"3b9182e\" data-element_type=\"container\" data-settings=\"{&quot;background_background&quot;:&quot;classic&quot;}\">\n\t\t\t\t\t<div class=\"e-con-inner\">\n\t\t<div class=\"elementor-element elementor-element-9c7841b e-con-full e-flex e-con e-child\" data-id=\"9c7841b\" data-element_type=\"container\">\n\t\t\t\t<div class=\"elementor-element elementor-element-c6c786c elementor-widget__width-initial elementor-widget elementor-widget-heading\" data-id=\"c6c786c\" data-element_type=\"widget\" data-widget_type=\"heading.default\">\n\t\t\t\t<div class=\"elementor-widget-container\">\n\t\t\t\t\t<h2 class=\"elementor-heading-title elementor-size-default\">Acreditare<\/h2>\t\t\t\t<\/div>\n\t\t\t\t<\/div>\n\t\t\t\t<div class=\"elementor-element elementor-element-1e8edc8 elementor-widget__width-initial elementor-widget elementor-widget-text-editor\" data-id=\"1e8edc8\" data-element_type=\"widget\" data-widget_type=\"text-editor.default\">\n\t\t\t\t<div class=\"elementor-widget-container\">\n\t\t\t\t\t\t\t\t\t<p>Acreditarea ECTE confirm\u0103 standardul european ridicat de educa\u021bie \u0219i dezvoltarea continu\u0103 a UDG.<\/p>\t\t\t\t\t\t\t\t<\/div>\n\t\t\t\t<\/div>\n\t\t\t\t<\/div>\n\t\t\t\t\t<\/div>\n\t\t\t\t<\/div>\n\t\t<div class=\"elementor-element elementor-element-7775c3d e-flex e-con-boxed e-con e-parent\" data-id=\"7775c3d\" data-element_type=\"container\">\n\t\t\t\t\t<div class=\"e-con-inner\">\n\t\t<div class=\"elementor-element elementor-element-cd34c10 e-con-full e-flex e-con e-child\" data-id=\"cd34c10\" data-element_type=\"container\">\n\t\t<div class=\"elementor-element elementor-element-74ad4fd e-con-full e-flex e-con e-child\" data-id=\"74ad4fd\" data-element_type=\"container\">\n\t\t\t\t<div class=\"elementor-element elementor-element-039b70e elementor-widget elementor-widget-heading\" data-id=\"039b70e\" data-element_type=\"widget\" data-widget_type=\"heading.default\">\n\t\t\t\t<div class=\"elementor-widget-container\">\n\t\t\t\t\t<h2 class=\"elementor-heading-title elementor-size-default\">UDG este membru al Consiliului European pentru Educa\u021bie Teologic\u0103\n(ECTE).<\/h2>\t\t\t\t<\/div>\n\t\t\t\t<\/div>\n\t\t\t\t<div class=\"elementor-element elementor-element-cfc0061 elementor-widget elementor-widget-text-editor\" data-id=\"cfc0061\" data-element_type=\"widget\" data-widget_type=\"text-editor.default\">\n\t\t\t\t<div class=\"elementor-widget-container\">\n\t\t\t\t\t\t\t\t\t<p>Oferim diplome de licen\u021b\u0103 de trei ani \u00een urm\u0103toarele domenii: Afaceri \u0219i administra\u021bie, Asisten\u021b\u0103 social\u0103, Studii interculturale - misiune \u0219i Teologie. Toate aceste programe sunt recunoscute \u0219i acreditate de ECTE.<\/p><p>De asemenea, dup\u0103 ob\u021binerea diplomei de licen\u021b\u0103, pute\u021bi urma un masterat \u00een leadership \u0219i conducere, consiliere \u0219i teologie practic\u0103.<\/p><p>Acreditarea ECTE indic\u0103 faptul c\u0103 oportunit\u0103\u021bile de \u00eenv\u0103\u021bare oferite de Universitatea Divitia Gratiae sunt conforme cu standardele \u0219i orient\u0103rile europene pentru \u00eenv\u0103\u021b\u0103m\u00e2ntul superior \u0219i atest\u0103 nivelul oportunit\u0103\u021bilor de \u00eenv\u0103\u021bare \u00een conformitate cu EQF. Acreditarea noastr\u0103 asigur\u0103 faptul c\u0103 predarea \u0219i \u00eenv\u0103\u021barea noastr\u0103 sunt monitorizate, actualizate \u0219i \u00eembun\u0103t\u0103\u021bite \u00een permanen\u021b\u0103.<\/p>\t\t\t\t\t\t\t\t<\/div>\n\t\t\t\t<\/div>\n\t\t\t\t<\/div>\n\t\t<div class=\"elementor-element elementor-element-3d34027 e-con-full e-flex e-con e-child\" data-id=\"3d34027\" data-element_type=\"container\">\n\t\t\t\t<div class=\"elementor-element elementor-element-8702f6b elementor-widget elementor-widget-image\" data-id=\"8702f6b\" data-element_type=\"widget\" data-widget_type=\"image.default\">\n\t\t\t\t<div class=\"elementor-widget-container\">\n\t\t\t\t\t\t\t\t\t\t\t\t\t\t\t<img fetchpriority=\"high\" decoding=\"async\" width=\"800\" height=\"336\" src=\"https:\/\/appointments.uni-dg.md\/wp-content\/uploads\/2025\/06\/ECTElogo-1-1024x430-1.png\" class=\"attachment-large size-large wp-image-1203\" alt=\"\" srcset=\"https:\/\/appointments.uni-dg.md\/wp-content\/uploads\/2025\/06\/ECTElogo-1-1024x430-1.png 1024w, https:\/\/appointments.uni-dg.md\/wp-content\/uploads\/2025\/06\/ECTElogo-1-1024x430-1-300x126.png 300w, https:\/\/appointments.uni-dg.md\/wp-content\/uploads\/2025\/06\/ECTElogo-1-1024x430-1-768x323.png 768w, https:\/\/appointments.uni-dg.md\/wp-content\/uploads\/2025\/06\/ECTElogo-1-1024x430-1-18x8.png 18w\" sizes=\"(max-width: 800px) 100vw, 800px\" \/>\t\t\t\t\t\t\t\t\t\t\t\t\t\t\t<\/div>\n\t\t\t\t<\/div>\n\t\t\t\t<div class=\"elementor-element elementor-element-c055b0b elementor-align-center elementor-widget elementor-widget-button\" data-id=\"c055b0b\" data-element_type=\"widget\" data-widget_type=\"button.default\">\n\t\t\t\t<div class=\"elementor-widget-container\">\n\t\t\t\t\t\t\t\t\t<div class=\"elementor-button-wrapper\">\n\t\t\t\t\t<a class=\"elementor-button elementor-button-link elementor-size-sm\" href=\"https:\/\/ecte.eu\/divitia-gratiae-university\/\" target=\"_blank\">\n\t\t\t\t\t\t<span class=\"elementor-button-content-wrapper\">\n\t\t\t\t\t\t<span class=\"elementor-button-icon\">\n\t\t\t\t<svg aria-hidden=\"true\" class=\"e-font-icon-svg e-fas-arrow-right\" viewbox=\"0 0 448 512\" xmlns=\"http:\/\/www.w3.org\/2000\/svg\"><path d=\"M190.5 66.9l22.2-22.2c9.4-9.4 24.6-9.4 33.9 0L441 239c9.4 9.4 9.4 24.6 0 33.9L246.6 467.3c-9.4 9.4-24.6 9.4-33.9 0l-22.2-22.2c-9.5-9.5-9.3-25 .4-34.3L311.4 296H24c-13.3 0-24-10.7-24-24v-32c0-13.3 10.7-24 24-24h287.4L190.9 101.2c-9.8-9.3-10-24.8-.4-34.3z\"><\/path><\/svg>\t\t\t<\/span>\n\t\t\t\t\t\t\t\t\t<span class=\"elementor-button-text\">A VIZUALIZA<\/span>\n\t\t\t\t\t<\/span>\n\t\t\t\t\t<\/a>\n\t\t\t\t<\/div>\n\t\t\t\t\t\t\t\t<\/div>\n\t\t\t\t<\/div>\n\t\t\t\t<\/div>\n\t\t\t\t<\/div>\n\t\t\t\t\t<\/div>\n\t\t\t\t<\/div>\n\t\t\t\t<\/div>","protected":false},"excerpt":{"rendered":"<p>Accreditation ECTE accreditation confirms the high European standard of education and continuous development of UDG. UDG is a member of the European Council for Theological Education (ECTE). We offer three-year bachelor degrees in the following areas: Business and Administration, Social Work, Intercultural Studies \u2013 Mission, and Theology. All of these programs are recognized and accredited [&hellip;]<\/p>","protected":false},"author":1,"featured_media":0,"parent":0,"menu_order":0,"comment_status":"closed","ping_status":"closed","template":"","meta":{"_acf_changed":false,"footnotes":""},"class_list":["post-1196","page","type-page","status-publish","hentry"],"acf":[],"_links":{"self":[{"href":"https:\/\/appointments.uni-dg.md\/ro\/wp-json\/wp\/v2\/pages\/1196","targetHints":{"allow":["GET"]}}],"collection":[{"href":"https:\/\/appointments.uni-dg.md\/ro\/wp-json\/wp\/v2\/pages"}],"about":[{"href":"https:\/\/appointments.uni-dg.md\/ro\/wp-json\/wp\/v2\/types\/page"}],"author":[{"embeddable":true,"href":"https:\/\/appointments.uni-dg.md\/ro\/wp-json\/wp\/v2\/users\/1"}],"replies":[{"embeddable":true,"href":"https:\/\/appointments.uni-dg.md\/ro\/wp-json\/wp\/v2\/comments?post=1196"}],"version-history":[{"count":16,"href":"https:\/\/appointments.uni-dg.md\/ro\/wp-json\/wp\/v2\/pages\/1196\/revisions"}],"predecessor-version":[{"id":1219,"href":"https:\/\/appointments.uni-dg.md\/ro\/wp-json\/wp\/v2\/pages\/1196\/revisions\/1219"}],"wp:attachment":[{"href":"https:\/\/appointments.uni-dg.md\/ro\/wp-json\/wp\/v2\/media?parent=1196"}],"curies":[{"name":"wp","href":"https:\/\/api.w.org\/{rel}","templated":true}]}}