{"id":1625,"date":"2025-07-03T12:03:49","date_gmt":"2025-07-03T12:03:49","guid":{"rendered":"https:\/\/appointments.uni-dg.md\/?page_id=1625"},"modified":"2025-12-18T20:27:02","modified_gmt":"2025-12-18T20:27:02","slug":"about-us","status":"publish","type":"page","link":"https:\/\/appointments.uni-dg.md\/ro\/about-us\/","title":{"rendered":"About us"},"content":{"rendered":"<div data-elementor-type=\"wp-page\" data-elementor-id=\"1625\" class=\"elementor elementor-1625\" data-elementor-post-type=\"page\">\n\t\t\t\t<div class=\"elementor-element elementor-element-b6f3c3e e-flex e-con-boxed e-con e-parent\" data-id=\"b6f3c3e\" data-element_type=\"container\" data-settings=\"{&quot;background_background&quot;:&quot;classic&quot;}\">\n\t\t\t\t\t<div class=\"e-con-inner\">\n\t\t<div class=\"elementor-element elementor-element-b38d8f9 e-con-full e-flex e-con e-child\" data-id=\"b38d8f9\" data-element_type=\"container\">\n\t\t\t\t<div class=\"elementor-element elementor-element-38c9d07 elementor-widget__width-initial elementor-widget elementor-widget-heading\" data-id=\"38c9d07\" data-element_type=\"widget\" data-widget_type=\"heading.default\">\n\t\t\t\t<div class=\"elementor-widget-container\">\n\t\t\t\t\t<h2 class=\"elementor-heading-title elementor-size-default\">Despre noi<\/h2>\t\t\t\t<\/div>\n\t\t\t\t<\/div>\n\t\t\t\t<\/div>\n\t\t\t\t\t<\/div>\n\t\t\t\t<\/div>\n\t\t<div class=\"elementor-element elementor-element-4ef378f e-flex e-con-boxed e-con e-parent\" data-id=\"4ef378f\" data-element_type=\"container\">\n\t\t\t\t\t<div class=\"e-con-inner\">\n\t\t<div class=\"elementor-element elementor-element-ff41d8b e-con-full e-flex e-con e-child\" data-id=\"ff41d8b\" data-element_type=\"container\">\n\t\t<div class=\"elementor-element elementor-element-e4c7086 e-con-full e-flex e-con e-child\" data-id=\"e4c7086\" data-element_type=\"container\">\n\t\t\t\t<div class=\"elementor-element elementor-element-accda31 elementor-widget elementor-widget-image\" data-id=\"accda31\" data-element_type=\"widget\" data-widget_type=\"image.default\">\n\t\t\t\t<div class=\"elementor-widget-container\">\n\t\t\t\t\t\t\t\t\t\t\t\t\t\t\t<img fetchpriority=\"high\" decoding=\"async\" width=\"494\" height=\"740\" src=\"https:\/\/appointments.uni-dg.md\/wp-content\/uploads\/2025\/06\/Iurie-Malancea.webp\" class=\"attachment-large size-large wp-image-919\" alt=\"\" srcset=\"https:\/\/appointments.uni-dg.md\/wp-content\/uploads\/2025\/06\/Iurie-Malancea.webp 494w, https:\/\/appointments.uni-dg.md\/wp-content\/uploads\/2025\/06\/Iurie-Malancea-200x300.webp 200w, https:\/\/appointments.uni-dg.md\/wp-content\/uploads\/2025\/06\/Iurie-Malancea-8x12.webp 8w\" sizes=\"(max-width: 494px) 100vw, 494px\" \/>\t\t\t\t\t\t\t\t\t\t\t\t\t\t\t<\/div>\n\t\t\t\t<\/div>\n\t\t\t\t<\/div>\n\t\t<div class=\"elementor-element elementor-element-b749b2c e-con-full e-flex e-con e-child\" data-id=\"b749b2c\" data-element_type=\"container\">\n\t\t\t\t<div class=\"elementor-element elementor-element-40677d5 elementor-widget elementor-widget-heading\" data-id=\"40677d5\" data-element_type=\"widget\" data-widget_type=\"heading.default\">\n\t\t\t\t<div class=\"elementor-widget-container\">\n\t\t\t\t\t<h2 class=\"elementor-heading-title elementor-size-default\">Iurie Malancea<\/h2>\t\t\t\t<\/div>\n\t\t\t\t<\/div>\n\t\t\t\t<div class=\"elementor-element elementor-element-74c69b1 elementor-widget elementor-widget-heading\" data-id=\"74c69b1\" data-element_type=\"widget\" data-widget_type=\"heading.default\">\n\t\t\t\t<div class=\"elementor-widget-container\">\n\t\t\t\t\t<h2 class=\"elementor-heading-title elementor-size-default\">Rectorul Universit\u0103\u021bii<\/h2>\t\t\t\t<\/div>\n\t\t\t\t<\/div>\n\t\t\t\t<div class=\"elementor-element elementor-element-eeed60a elementor-widget__width-initial elementor-widget elementor-widget-text-editor\" data-id=\"eeed60a\" data-element_type=\"widget\" data-widget_type=\"text-editor.default\">\n\t\t\t\t<div class=\"elementor-widget-container\">\n\t\t\t\t\t\t\t\t\t<p data-start=\"36\" data-end=\"374\">Bine a\u021bi venit la Universitatea Divitia Gratiae-\"Gra\u021bie divin\u0103\" \u00cen calitate de rector, sunt \u00eenc\u00e2ntat c\u0103 explora\u021bi comunitatea noastr\u0103 vibrant\u0103, unde excelen\u021ba academic\u0103 \u0219i cre\u0219terea spiritual\u0103 merg m\u00e2n\u0103 \u00een m\u00e2n\u0103. Aici, ve\u021bi fi \u00eendruma\u021bi de profesori dedica\u021bi s\u0103 g\u00e2ndi\u021bi critic, s\u0103 servi\u021bi cu compasiune \u0219i s\u0103 cre\u0219te\u021bi \u00een credin\u021b\u0103 \u00een domenii de la teologie la \u0219tiin\u021be.<\/p><p data-start=\"376\" data-end=\"619\">\u00cenr\u0103d\u0103cina\u021bi \u00een Moldova \u0219i extinz\u00e2ndu-ne \u00een Europa de Est \u0219i Asia Central\u0103, celebr\u0103m diversitatea \u0219i \u00eencuraj\u0103m dialogul deschis. V\u0103 invit s\u0103 descoperi\u021bi programele noastre, s\u0103 v\u0103 conecta\u021bi cu comunitatea noastr\u0103 \u0219i s\u0103 vede\u021bi cum harul transform\u0103 \u00eenv\u0103\u021barea \u00een leadership.<\/p><p data-start=\"621\" data-end=\"727\">V\u0103 mul\u021bumim c\u0103 a\u021bi luat \u00een considerare Divitia Gratiae pentru c\u0103l\u0103toria dumneavoastr\u0103. A\u0219tept\u0103m cu ner\u0103bdare s\u0103 parcurgem aceast\u0103 cale \u00eempreun\u0103 cu dumneavoastr\u0103.<\/p><p data-start=\"729\" data-end=\"739\">Cu sinceritate,<\/p>\t\t\t\t\t\t\t\t<\/div>\n\t\t\t\t<\/div>\n\t\t\t\t<div class=\"elementor-element elementor-element-89943b0 elementor-widget elementor-widget-image\" data-id=\"89943b0\" data-element_type=\"widget\" data-widget_type=\"image.default\">\n\t\t\t\t<div class=\"elementor-widget-container\">\n\t\t\t\t\t\t\t\t\t\t\t\t\t\t\t<img decoding=\"async\" width=\"800\" height=\"431\" src=\"https:\/\/appointments.uni-dg.md\/wp-content\/uploads\/2025\/07\/Iurie-Sign-1-1024x552.png\" class=\"attachment-large size-large wp-image-1629\" alt=\"\" srcset=\"https:\/\/appointments.uni-dg.md\/wp-content\/uploads\/2025\/07\/Iurie-Sign-1-1024x552.png 1024w, https:\/\/appointments.uni-dg.md\/wp-content\/uploads\/2025\/07\/Iurie-Sign-1-300x162.png 300w, https:\/\/appointments.uni-dg.md\/wp-content\/uploads\/2025\/07\/Iurie-Sign-1-768x414.png 768w, https:\/\/appointments.uni-dg.md\/wp-content\/uploads\/2025\/07\/Iurie-Sign-1-18x10.png 18w, https:\/\/appointments.uni-dg.md\/wp-content\/uploads\/2025\/07\/Iurie-Sign-1.png 1341w\" sizes=\"(max-width: 800px) 100vw, 800px\" \/>\t\t\t\t\t\t\t\t\t\t\t\t\t\t\t<\/div>\n\t\t\t\t<\/div>\n\t\t\t\t<div class=\"elementor-element elementor-element-e933394 elementor-widget__width-initial elementor-widget elementor-widget-text-editor\" data-id=\"e933394\" data-element_type=\"widget\" data-widget_type=\"text-editor.default\">\n\t\t\t\t<div class=\"elementor-widget-container\">\n\t\t\t\t\t\t\t\t\t<p data-start=\"36\" data-end=\"374\">Dr. Iurie Malancea<br data-start=\"756\" data-end=\"759\" \/>Rector, Universitatea Divitia Gratiae<\/p>\t\t\t\t\t\t\t\t<\/div>\n\t\t\t\t<\/div>\n\t\t\t\t<\/div>\n\t\t\t\t<\/div>\n\t\t<div class=\"elementor-element elementor-element-ff61918 e-con-full e-flex e-con e-child\" data-id=\"ff61918\" data-element_type=\"container\">\n\t\t\t\t<div class=\"elementor-element elementor-element-d932620 elementor-widget__width-initial elementor-widget elementor-widget-text-editor\" data-id=\"d932620\" data-element_type=\"widget\" data-widget_type=\"text-editor.default\">\n\t\t\t\t<div class=\"elementor-widget-container\">\n\t\t\t\t\t\t\t\t\t<p>Universitatea Divitia Gratiae (latin\u0103: Divitia Gratiae - englez\u0103: Richness of God's Grace) este o universitate cre\u0219tin\u0103 privat\u0103 situat\u0103 \u00een Republica Moldova, \u00een ora\u0219ul Chi\u0219in\u0103u. Este singura institu\u021bie cre\u0219tin\u0103 de \u00eenv\u0103\u021b\u0103m\u00e2nt superior din Moldova.<\/p><p>UDG (University of Divitia Gratiae) preg\u0103te\u0219te lideri pentru lucrarea cre\u0219tin\u0103. Misiunea universit\u0103\u021bii este s\u0103 \u00eei preg\u0103teasc\u0103 \u0219i s\u0103 \u00eei sprijine \u00een slujirea Bisericii lui Hristos. Universitatea preg\u0103te\u0219te pastori, evangheli\u0219ti, misionari, profesori de \u0219coal\u0103 duminical\u0103, asisten\u021bi sociali, manageri \u0219i oameni de afaceri care vor lucra \u00een Moldova, Europa de Est \u0219i Asia Central\u0103.<\/p><p>Scopul principal al universit\u0103\u021bii este de a echipa \u0219i asista liderii \u0219i comunit\u0103\u021bile cre\u0219tine din Moldova, Europa de Est \u0219i Asia Central\u0103.<\/p><p>Universitatea este format\u0103 din trei facult\u0103\u021bi academice care ofer\u0103 studen\u021bilor diplome de licen\u021b\u0103 \u00een urm\u0103toarele domenii: Afaceri \u0219i Administra\u021bie, Asisten\u021b\u0103 Social\u0103, Misiune \u0219i Teologie, cu posibilitatea transferului la programe interna\u021bionale de masterat.<\/p>\t\t\t\t\t\t\t\t<\/div>\n\t\t\t\t<\/div>\n\t\t<div class=\"elementor-element elementor-element-ac883e7 e-con-full e-flex e-con e-child\" data-id=\"ac883e7\" data-element_type=\"container\" data-settings=\"{&quot;background_background&quot;:&quot;classic&quot;}\">\n\t\t\t\t<div class=\"elementor-element elementor-element-24aa6fc elementor-widget elementor-widget-heading\" data-id=\"24aa6fc\" data-element_type=\"widget\" data-widget_type=\"heading.default\">\n\t\t\t\t<div class=\"elementor-widget-container\">\n\t\t\t\t\t<h2 class=\"elementor-heading-title elementor-size-default\">Despre noi<\/h2>\t\t\t\t<\/div>\n\t\t\t\t<\/div>\n\t\t\t\t<div class=\"elementor-element elementor-element-92ac243 elementor-widget__width-initial elementor-widget elementor-widget-text-editor\" data-id=\"92ac243\" data-element_type=\"widget\" data-widget_type=\"text-editor.default\">\n\t\t\t\t<div class=\"elementor-widget-container\">\n\t\t\t\t\t\t\t\t\t<p>UDG este singura universitate cre\u0219tin\u0103 din Moldova \u0219i are cel mai mare num\u0103r de cadre didactice calificate la nivel na\u021bional care de\u021bin diplome de masterat \u0219i doctorat \u00een teologie, misiune \u0219i \u0219tiin\u021be sociale.<\/p>\t\t\t\t\t\t\t\t<\/div>\n\t\t\t\t<\/div>\n\t\t<div class=\"elementor-element elementor-element-7b43a39 e-con-full e-flex e-con e-child\" data-id=\"7b43a39\" data-element_type=\"container\">\n\t\t\t\t<div class=\"elementor-element elementor-element-ca8c144 elementor-widget elementor-widget-counter\" data-id=\"ca8c144\" data-element_type=\"widget\" data-widget_type=\"counter.default\">\n\t\t\t\t<div class=\"elementor-widget-container\">\n\t\t\t\t\t\t\t<div class=\"elementor-counter\">\n\t\t\t<div class=\"elementor-counter-title\">Absolven\u021bi de licen\u021b\u0103 \u0219i masterat<\/div>\t\t\t<div class=\"elementor-counter-number-wrapper\">\n\t\t\t\t<span class=\"elementor-counter-number-prefix\"><\/span>\n\t\t\t\t<span class=\"elementor-counter-number\" data-duration=\"2000\" data-to-value=\"1500\" data-from-value=\"0\" data-delimiter=\",\">0<\/span>\n\t\t\t\t<span class=\"elementor-counter-number-suffix\">+<\/span>\n\t\t\t<\/div>\n\t\t<\/div>\n\t\t\t\t\t\t<\/div>\n\t\t\t\t<\/div>\n\t\t\t\t<div class=\"elementor-element elementor-element-711e3b8 elementor-widget elementor-widget-counter\" data-id=\"711e3b8\" data-element_type=\"widget\" data-widget_type=\"counter.default\">\n\t\t\t\t<div class=\"elementor-widget-container\">\n\t\t\t\t\t\t\t<div class=\"elementor-counter\">\n\t\t\t<div class=\"elementor-counter-title\">Ani de serviciu<\/div>\t\t\t<div class=\"elementor-counter-number-wrapper\">\n\t\t\t\t<span class=\"elementor-counter-number-prefix\"><\/span>\n\t\t\t\t<span class=\"elementor-counter-number\" data-duration=\"2000\" data-to-value=\"30\" data-from-value=\"0\" data-delimiter=\",\">0<\/span>\n\t\t\t\t<span class=\"elementor-counter-number-suffix\">+<\/span>\n\t\t\t<\/div>\n\t\t<\/div>\n\t\t\t\t\t\t<\/div>\n\t\t\t\t<\/div>\n\t\t\t\t<div class=\"elementor-element elementor-element-8db8026 elementor-widget elementor-widget-counter\" data-id=\"8db8026\" data-element_type=\"widget\" data-widget_type=\"counter.default\">\n\t\t\t\t<div class=\"elementor-widget-container\">\n\t\t\t\t\t\t\t<div class=\"elementor-counter\">\n\t\t\t<div class=\"elementor-counter-title\">Na\u021bionalit\u0103\u021bi<\/div>\t\t\t<div class=\"elementor-counter-number-wrapper\">\n\t\t\t\t<span class=\"elementor-counter-number-prefix\"><\/span>\n\t\t\t\t<span class=\"elementor-counter-number\" data-duration=\"2000\" data-to-value=\"25\" data-from-value=\"0\" data-delimiter=\",\">0<\/span>\n\t\t\t\t<span class=\"elementor-counter-number-suffix\">+<\/span>\n\t\t\t<\/div>\n\t\t<\/div>\n\t\t\t\t\t\t<\/div>\n\t\t\t\t<\/div>\n\t\t\t\t<\/div>\n\t\t\t\t<\/div>\n\t\t\t\t<\/div>\n\t\t\t\t\t<\/div>\n\t\t\t\t<\/div>\n\t\t\t\t<\/div>","protected":false},"excerpt":{"rendered":"<p>About Us Iurie Malancea University&#8217;s Rector Welcome to University Divitia Gratiae\u2014\u201cDevine Grace\u201d As Rector, I\u2019m delighted you\u2019re exploring our vibrant community, where academic excellence and spiritual growth go hand in hand. Here, you\u2019ll be guided by dedicated faculty to think critically, serve compassionately, and grow in faith across fields from theology to the sciences. Rooted [&hellip;]<\/p>","protected":false},"author":1,"featured_media":0,"parent":0,"menu_order":0,"comment_status":"closed","ping_status":"closed","template":"","meta":{"_acf_changed":false,"footnotes":""},"class_list":["post-1625","page","type-page","status-publish","hentry"],"acf":[],"_links":{"self":[{"href":"https:\/\/appointments.uni-dg.md\/ro\/wp-json\/wp\/v2\/pages\/1625","targetHints":{"allow":["GET"]}}],"collection":[{"href":"https:\/\/appointments.uni-dg.md\/ro\/wp-json\/wp\/v2\/pages"}],"about":[{"href":"https:\/\/appointments.uni-dg.md\/ro\/wp-json\/wp\/v2\/types\/page"}],"author":[{"embeddable":true,"href":"https:\/\/appointments.uni-dg.md\/ro\/wp-json\/wp\/v2\/users\/1"}],"replies":[{"embeddable":true,"href":"https:\/\/appointments.uni-dg.md\/ro\/wp-json\/wp\/v2\/comments?post=1625"}],"version-history":[{"count":19,"href":"https:\/\/appointments.uni-dg.md\/ro\/wp-json\/wp\/v2\/pages\/1625\/revisions"}],"predecessor-version":[{"id":2206,"href":"https:\/\/appointments.uni-dg.md\/ro\/wp-json\/wp\/v2\/pages\/1625\/revisions\/2206"}],"wp:attachment":[{"href":"https:\/\/appointments.uni-dg.md\/ro\/wp-json\/wp\/v2\/media?parent=1625"}],"curies":[{"name":"wp","href":"https:\/\/api.w.org\/{rel}","templated":true}]}}