{"id":680,"date":"2025-06-24T08:43:45","date_gmt":"2025-06-24T08:43:45","guid":{"rendered":"https:\/\/appointments.uni-dg.md\/?page_id=680"},"modified":"2025-06-24T12:47:35","modified_gmt":"2025-06-24T12:47:35","slug":"calendar","status":"publish","type":"page","link":"https:\/\/appointments.uni-dg.md\/ro\/calendar\/","title":{"rendered":"Calendar"},"content":{"rendered":"<div data-elementor-type=\"wp-page\" data-elementor-id=\"680\" class=\"elementor elementor-680\" data-elementor-post-type=\"page\">\n\t\t\t\t<div class=\"elementor-element elementor-element-636f6c8 e-flex e-con-boxed e-con e-parent\" data-id=\"636f6c8\" data-element_type=\"container\">\n\t\t\t\t\t<div class=\"e-con-inner\">\n\t\t<div class=\"elementor-element elementor-element-da9f7b8 e-con-full e-flex e-con e-child\" data-id=\"da9f7b8\" data-element_type=\"container\">\n\t\t\t\t<div class=\"elementor-element elementor-element-6c2cc04 elementor-widget elementor-widget-heading\" data-id=\"6c2cc04\" data-element_type=\"widget\" data-widget_type=\"heading.default\">\n\t\t\t\t<div class=\"elementor-widget-container\">\n\t\t\t\t\t<h2 class=\"elementor-heading-title elementor-size-default\">Calendarul UDG<\/h2>\t\t\t\t<\/div>\n\t\t\t\t<\/div>\n\t\t\t\t<div class=\"elementor-element elementor-element-720dce2 elementor-widget__width-initial elementor-widget elementor-widget-text-editor\" data-id=\"720dce2\" data-element_type=\"widget\" data-widget_type=\"text-editor.default\">\n\t\t\t\t<div class=\"elementor-widget-container\">\n\t\t\t\t\t\t\t\t\t<p>Al\u0103tura\u021bi-v\u0103 nou\u0103 pentru evenimente care inspir\u0103, conecteaz\u0103 \u0219i educ\u0103.<\/p>\t\t\t\t\t\t\t\t<\/div>\n\t\t\t\t<\/div>\n\t\t\t\t<div class=\"elementor-element elementor-element-74ce13c elementor-widget__width-inherit elementor-widget elementor-widget-shortcode\" data-id=\"74ce13c\" data-element_type=\"widget\" data-widget_type=\"shortcode.default\">\n\t\t\t\t<div class=\"elementor-widget-container\">\n\t\t\t\t\t\t\t<div class=\"elementor-shortcode\">    <script src=\"https:\/\/cdn.tailwindcss.com\"><\/script>\n    <div class=\"flex flex-col lg:flex-row space-y-6 lg:space-y-0 lg:space-x-8\">\n\n      <!-- \u041a\u0430\u043b\u0435\u043d\u0434\u0430\u0440\u044c \u0432\u0441\u0435\u0433\u0434\u0430 \u0441\u043b\u0435\u0432\u0430 -->\n      <div class=\"w-full lg:w-1\/2 bg-white rounded-xl shadow p-6\">\n        <div class=\"flex items-center justify-between mb-4\">\n          <h2 class=\"text-xl font-semibold\">aprilie 2026<\/h2>\n          <div class=\"space-x-3 text-gray-500\">\n            <a href=\"\/ro\/wp-json\/wp\/v2\/pages\/680?yc=2026&#038;mc=3\" class=\"hover:text-gray-700\">\u2190<\/a>\n            <a href=\"\/ro\/wp-json\/wp\/v2\/pages\/680?yc=2026&#038;mc=5\" class=\"hover:text-gray-700\">\u2192<\/a>\n          <\/div>\n        <\/div>\n        <div class=\"grid grid-cols-7 text-center text-sm font-medium text-gray-600 mb-2\">\n          <div>M<\/div><div>T<\/div><div>W<\/div><div>T<\/div><div>F<\/div><div>S<\/div><div>S<\/div>\n        <\/div>\n        <div class=\"grid grid-cols-7 gap-1\">\n          <div class=\"py-4\"><\/div><div class=\"py-4\"><\/div>            <a href=\"\/ro\/wp-json\/wp\/v2\/pages\/680?yc=2026&#038;mc=4&#038;dc=1\" class=\"relative flex items-center justify-center py-3 rounded-lg transition hover:bg-gray-100 text-gray-800\">\n              1            <\/a>\n                      <a href=\"\/ro\/wp-json\/wp\/v2\/pages\/680?yc=2026&#038;mc=4&#038;dc=2\" class=\"relative flex items-center justify-center py-3 rounded-lg transition hover:bg-gray-100 text-gray-800\">\n              2            <\/a>\n                      <a href=\"\/ro\/wp-json\/wp\/v2\/pages\/680?yc=2026&#038;mc=4&#038;dc=3\" class=\"relative flex items-center justify-center py-3 rounded-lg transition hover:bg-gray-100 text-gray-800\">\n              3            <\/a>\n                      <a href=\"\/ro\/wp-json\/wp\/v2\/pages\/680?yc=2026&#038;mc=4&#038;dc=4\" class=\"relative flex items-center justify-center py-3 rounded-lg transition hover:bg-gray-100 text-gray-800\">\n              4            <\/a>\n                      <a href=\"\/ro\/wp-json\/wp\/v2\/pages\/680?yc=2026&#038;mc=4&#038;dc=5\" class=\"relative flex items-center justify-center py-3 rounded-lg transition hover:bg-gray-100 text-gray-800\">\n              5            <\/a>\n                      <a href=\"\/ro\/wp-json\/wp\/v2\/pages\/680?yc=2026&#038;mc=4&#038;dc=6\" class=\"relative flex items-center justify-center py-3 rounded-lg transition hover:bg-gray-100 text-gray-800\">\n              6            <\/a>\n                      <a href=\"\/ro\/wp-json\/wp\/v2\/pages\/680?yc=2026&#038;mc=4&#038;dc=7\" class=\"relative flex items-center justify-center py-3 rounded-lg transition hover:bg-gray-100 text-gray-800\">\n              7            <\/a>\n                      <a href=\"\/ro\/wp-json\/wp\/v2\/pages\/680?yc=2026&#038;mc=4&#038;dc=8\" class=\"relative flex items-center justify-center py-3 rounded-lg transition hover:bg-gray-100 text-gray-800\">\n              8            <\/a>\n                      <a href=\"\/ro\/wp-json\/wp\/v2\/pages\/680?yc=2026&#038;mc=4&#038;dc=9\" class=\"relative flex items-center justify-center py-3 rounded-lg transition hover:bg-gray-100 text-gray-800\">\n              9            <\/a>\n                      <a href=\"\/ro\/wp-json\/wp\/v2\/pages\/680?yc=2026&#038;mc=4&#038;dc=10\" class=\"relative flex items-center justify-center py-3 rounded-lg transition hover:bg-gray-100 text-gray-800\">\n              10            <\/a>\n                      <a href=\"\/ro\/wp-json\/wp\/v2\/pages\/680?yc=2026&#038;mc=4&#038;dc=11\" class=\"relative flex items-center justify-center py-3 rounded-lg transition hover:bg-gray-100 text-gray-800\">\n              11            <\/a>\n                      <a href=\"\/ro\/wp-json\/wp\/v2\/pages\/680?yc=2026&#038;mc=4&#038;dc=12\" class=\"relative flex items-center justify-center py-3 rounded-lg transition hover:bg-gray-100 text-gray-800\">\n              12            <\/a>\n                      <a href=\"\/ro\/wp-json\/wp\/v2\/pages\/680?yc=2026&#038;mc=4&#038;dc=13\" class=\"relative flex items-center justify-center py-3 rounded-lg transition hover:bg-gray-100 text-gray-800\">\n              13            <\/a>\n                      <a href=\"\/ro\/wp-json\/wp\/v2\/pages\/680?yc=2026&#038;mc=4&#038;dc=14\" class=\"relative flex items-center justify-center py-3 rounded-lg transition hover:bg-gray-100 text-gray-800\">\n              14            <\/a>\n                      <a href=\"\/ro\/wp-json\/wp\/v2\/pages\/680?yc=2026&#038;mc=4&#038;dc=15\" class=\"relative flex items-center justify-center py-3 rounded-lg transition hover:bg-gray-100 text-gray-800\">\n              15            <\/a>\n                      <a href=\"\/ro\/wp-json\/wp\/v2\/pages\/680?yc=2026&#038;mc=4&#038;dc=16\" class=\"relative flex items-center justify-center py-3 rounded-lg transition hover:bg-gray-100 text-gray-800\">\n              16            <\/a>\n                      <a href=\"\/ro\/wp-json\/wp\/v2\/pages\/680?yc=2026&#038;mc=4&#038;dc=17\" class=\"relative flex items-center justify-center py-3 rounded-lg transition hover:bg-gray-100 text-gray-800\">\n              17            <\/a>\n                      <a href=\"\/ro\/wp-json\/wp\/v2\/pages\/680?yc=2026&#038;mc=4&#038;dc=18\" class=\"relative flex items-center justify-center py-3 rounded-lg transition hover:bg-gray-100 text-gray-800\">\n              18            <\/a>\n                      <a href=\"\/ro\/wp-json\/wp\/v2\/pages\/680?yc=2026&#038;mc=4&#038;dc=19\" class=\"relative flex items-center justify-center py-3 rounded-lg transition hover:bg-gray-100 text-gray-800\">\n              19            <\/a>\n                      <a href=\"\/ro\/wp-json\/wp\/v2\/pages\/680?yc=2026&#038;mc=4&#038;dc=20\" class=\"relative flex items-center justify-center py-3 rounded-lg transition hover:bg-gray-100 text-gray-800\">\n              20            <\/a>\n                      <a href=\"\/ro\/wp-json\/wp\/v2\/pages\/680?yc=2026&#038;mc=4&#038;dc=21\" class=\"relative flex items-center justify-center py-3 rounded-lg transition hover:bg-gray-100 text-gray-800\">\n              21            <\/a>\n                      <a href=\"\/ro\/wp-json\/wp\/v2\/pages\/680?yc=2026&#038;mc=4&#038;dc=22\" class=\"relative flex items-center justify-center py-3 rounded-lg transition hover:bg-gray-100 text-gray-800\">\n              22            <\/a>\n                      <a href=\"\/ro\/wp-json\/wp\/v2\/pages\/680?yc=2026&#038;mc=4&#038;dc=23\" class=\"relative flex items-center justify-center py-3 rounded-lg transition hover:bg-gray-100 text-gray-800\">\n              23            <\/a>\n                      <a href=\"\/ro\/wp-json\/wp\/v2\/pages\/680?yc=2026&#038;mc=4&#038;dc=24\" class=\"relative flex items-center justify-center py-3 rounded-lg transition hover:bg-gray-100 text-gray-800\">\n              24            <\/a>\n                      <a href=\"\/ro\/wp-json\/wp\/v2\/pages\/680?yc=2026&#038;mc=4&#038;dc=25\" class=\"relative flex items-center justify-center py-3 rounded-lg transition hover:bg-gray-100 text-gray-800\">\n              25            <\/a>\n                      <a href=\"\/ro\/wp-json\/wp\/v2\/pages\/680?yc=2026&#038;mc=4&#038;dc=26\" class=\"relative flex items-center justify-center py-3 rounded-lg transition hover:bg-gray-100 text-gray-800\">\n              26            <\/a>\n                      <a href=\"\/ro\/wp-json\/wp\/v2\/pages\/680?yc=2026&#038;mc=4&#038;dc=27\" class=\"relative flex items-center justify-center py-3 rounded-lg transition hover:bg-gray-100 text-gray-800\">\n              27            <\/a>\n                      <a href=\"\/ro\/wp-json\/wp\/v2\/pages\/680?yc=2026&#038;mc=4&#038;dc=28\" class=\"relative flex items-center justify-center py-3 rounded-lg transition hover:bg-gray-100 text-gray-800\">\n              28            <\/a>\n                      <a href=\"\/ro\/wp-json\/wp\/v2\/pages\/680?yc=2026&#038;mc=4&#038;dc=29\" class=\"relative flex items-center justify-center py-3 rounded-lg transition hover:bg-gray-100 text-gray-800\">\n              29            <\/a>\n                      <a href=\"\/ro\/wp-json\/wp\/v2\/pages\/680?yc=2026&#038;mc=4&#038;dc=30\" class=\"relative flex items-center justify-center py-3 rounded-lg transition hover:bg-gray-100 text-gray-800\">\n              30            <\/a>\n                  <\/div>\n            <div class=\"flex justify-end\">\n            <a href=\"https:\/\/appointments.uni-dg.md\/ro\/calendar\/\" class=\"relative w-fit flex items-center px-5 font-medium py-3 rounded-lg bg-gray-100 text-gray-800\">\n              CLAR\n            <\/a>\n            <\/div>\n      <\/div>\n\n      <!-- \u041f\u0440\u0430\u0432\u0430\u044f \u043f\u0430\u043d\u0435\u043b\u044c: \u0441\u043e\u0431\u044b\u0442\u0438\u044f -->\n      <div class=\"w-full lg:w-1\/2 bg-white rounded-xl shadow p-6\">\n        <h3 class=\"text-lg font-semibold mb-4\">Evenimente viitoare<\/h3>\n                  <ul class=\"space-y-4\">\n                        <li class=\"flex items-center space-x-4\">\n              <div class=\"event-img-cont flex-shrink-0 w-10 h-10 rounded-full overflow-hidden bg-gray-100\">\n                <img decoding=\"async\" src=\"https:\/\/appointments.uni-dg.md\/wp-content\/themes\/hello-theme-child-master\/BG_PLACEHOLDER.jpg\" alt=\"Curs TCM - TH601 Oti Bunaciu\" class=\"object-cover h-full\">\n              <\/div>\n              <div>\n                <a href=\"https:\/\/www.google.com\/calendar\/event?eid=XzhjcDNnYzFwODUxMzZiOWw2c280NmI5azY0b2syYmEyNzRwamdiOWk2cDI0MmQ5ajZrcDQ2YzFqNzAgb201OTZicTM0M25sMHZmdTZzanJuYThzYmdAZw\" target=\"_blank\" class=\"font-medium hover:underline\">Curs TCM - TH601 Oti Bunaciu<\/a>\n                <div class=\"text-sm text-gray-500\">mai 4, 2026 | 12:00 AM \u2013 12:00 AM<\/div>\n              <\/div>\n            <\/li>\n                        <li class=\"flex items-center space-x-4\">\n              <div class=\"event-img-cont flex-shrink-0 w-10 h-10 rounded-full overflow-hidden bg-gray-100\">\n                <img decoding=\"async\" src=\"https:\/\/appointments.uni-dg.md\/wp-content\/themes\/hello-theme-child-master\/BG_PLACEHOLDER.jpg\" alt=\"Me and My Future Training (Module 2)\" class=\"object-cover h-full\">\n              <\/div>\n              <div>\n                <a href=\"https:\/\/www.google.com\/calendar\/event?eid=XzZwMWpnZTI1NnNyajRiOWg3MHNrNGI5azcwcTNpYjlwNjhwazRiOW02OHBqNGQ5bTY4cDQ0Y3ExODggb201OTZicTM0M25sMHZmdTZzanJuYThzYmdAZw\" target=\"_blank\" class=\"font-medium hover:underline\">Me and My Future Training (Module 2)<\/a>\n                <div class=\"text-sm text-gray-500\">octombrie 20, 2026 | 12:00 AM \u2013 12:00 AM<\/div>\n              <\/div>\n            <\/li>\n                        <li class=\"flex items-center space-x-4\">\n              <div class=\"event-img-cont flex-shrink-0 w-10 h-10 rounded-full overflow-hidden bg-gray-100\">\n                <img decoding=\"async\" src=\"https:\/\/appointments.uni-dg.md\/wp-content\/themes\/hello-theme-child-master\/BG_PLACEHOLDER.jpg\" alt=\"Stefan Zweifel and Igor Prisac - Negotiations - Conference Hall\" class=\"object-cover h-full\">\n              <\/div>\n              <div>\n                <a href=\"https:\/\/www.google.com\/calendar\/event?eid=N25iaGthYzR0cHIwNmw4YjY5N2wyOWxmYmYgb201OTZicTM0M25sMHZmdTZzanJuYThzYmdAZw\" target=\"_blank\" class=\"font-medium hover:underline\">Stefan Zweifel and Igor Prisac - Negotiations - Conference Hall<\/a>\n                <div class=\"text-sm text-gray-500\">noiembrie 30, 2026 | 6:30 AM \u2013 7:30 AM<\/div>\n              <\/div>\n            <\/li>\n                        <li class=\"flex items-center space-x-4\">\n              <div class=\"event-img-cont flex-shrink-0 w-10 h-10 rounded-full overflow-hidden bg-gray-100\">\n                <img decoding=\"async\" src=\"https:\/\/appointments.uni-dg.md\/wp-content\/themes\/hello-theme-child-master\/BG_PLACEHOLDER.jpg\" alt=\"Vizualization and Mindmapping - Stefan Zweifel and Igor Prisac\" class=\"object-cover h-full\">\n              <\/div>\n              <div>\n                <a href=\"https:\/\/www.google.com\/calendar\/event?eid=NTM5ZmRmbGVzZDFtN2tkajE0MTZwcGIxOWYgb201OTZicTM0M25sMHZmdTZzanJuYThzYmdAZw\" target=\"_blank\" class=\"font-medium hover:underline\">Vizualization and Mindmapping - Stefan Zweifel and Igor Prisac<\/a>\n                <div class=\"text-sm text-gray-500\">decembrie 3, 2026 | 6:30 AM \u2013 7:30 AM<\/div>\n              <\/div>\n            <\/li>\n                      <\/ul>\n              <\/div>\n    <\/div>\n    <\/div>\n\t\t\t\t\t\t<\/div>\n\t\t\t\t<\/div>\n\t\t\t\t<\/div>\n\t\t\t\t\t<\/div>\n\t\t\t\t<\/div>\n\t\t<div class=\"elementor-element elementor-element-1aa80ae e-flex e-con-boxed e-con e-parent\" data-id=\"1aa80ae\" data-element_type=\"container\">\n\t\t\t\t\t<div class=\"e-con-inner\">\n\t\t<div class=\"elementor-element elementor-element-8544515 e-con-full e-flex e-con e-child\" data-id=\"8544515\" data-element_type=\"container\">\n\t\t\t\t<div class=\"elementor-element elementor-element-9876df8 elementor-widget elementor-widget-heading\" data-id=\"9876df8\" data-element_type=\"widget\" data-widget_type=\"heading.default\">\n\t\t\t\t<div class=\"elementor-widget-container\">\n\t\t\t\t\t<h2 class=\"elementor-heading-title elementor-size-default\">UDG la o privire de ansamblu<\/h2>\t\t\t\t<\/div>\n\t\t\t\t<\/div>\n\t\t\t\t<div class=\"elementor-element elementor-element-4defb2a elementor-widget__width-initial elementor-widget elementor-widget-text-editor\" data-id=\"4defb2a\" data-element_type=\"widget\" data-widget_type=\"text-editor.default\">\n\t\t\t\t<div class=\"elementor-widget-container\">\n\t\t\t\t\t\t\t\t\t<p>Al\u0103tura\u021bi-v\u0103 nou\u0103 pentru evenimente care inspir\u0103, conecteaz\u0103 \u0219i educ\u0103.<\/p>\t\t\t\t\t\t\t\t<\/div>\n\t\t\t\t<\/div>\n\t\t\t\t<div class=\"elementor-element elementor-element-9e90d3b elementor-widget elementor-widget-gallery\" data-id=\"9e90d3b\" data-element_type=\"widget\" data-settings=\"{&quot;columns&quot;:3,&quot;lazyload&quot;:&quot;yes&quot;,&quot;gallery_layout&quot;:&quot;grid&quot;,&quot;columns_tablet&quot;:2,&quot;columns_mobile&quot;:1,&quot;gap&quot;:{&quot;unit&quot;:&quot;px&quot;,&quot;size&quot;:10,&quot;sizes&quot;:[]},&quot;gap_tablet&quot;:{&quot;unit&quot;:&quot;px&quot;,&quot;size&quot;:10,&quot;sizes&quot;:[]},&quot;gap_mobile&quot;:{&quot;unit&quot;:&quot;px&quot;,&quot;size&quot;:10,&quot;sizes&quot;:[]},&quot;link_to&quot;:&quot;file&quot;,&quot;aspect_ratio&quot;:&quot;3:2&quot;,&quot;overlay_background&quot;:&quot;yes&quot;,&quot;content_hover_animation&quot;:&quot;fade-in&quot;}\" data-widget_type=\"gallery.default\">\n\t\t\t\t<div class=\"elementor-widget-container\">\n\t\t\t\t\t\t\t<div class=\"elementor-gallery__container\">\n\t\t\t\t\t\t\t<a class=\"e-gallery-item elementor-gallery-item elementor-animated-content\" href=\"https:\/\/appointments.uni-dg.md\/wp-content\/uploads\/2025\/04\/IMG_9361-1-1.jpeg\" data-elementor-open-lightbox=\"yes\" data-elementor-lightbox-slideshow=\"9e90d3b\" data-elementor-lightbox-title=\"IMG_9361-1-1\" data-e-action-hash=\"#elementor-action%3Aaction%3Dlightbox%26settings%3DeyJpZCI6MzQ1LCJ1cmwiOiJodHRwczpcL1wvYXBwb2ludG1lbnRzLnVuaS1kZy5tZFwvd3AtY29udGVudFwvdXBsb2Fkc1wvMjAyNVwvMDRcL0lNR185MzYxLTEtMS5qcGVnIiwic2xpZGVzaG93IjoiOWU5MGQzYiJ9\">\n\t\t\t\t\t<div class=\"e-gallery-image elementor-gallery-item__image\" data-thumbnail=\"https:\/\/appointments.uni-dg.md\/wp-content\/uploads\/2025\/04\/IMG_9361-1-1-300x200.jpeg\" data-width=\"300\" data-height=\"200\" aria-label=\"\" role=\"img\" ><\/div>\n\t\t\t\t\t\t\t\t\t\t\t<div class=\"elementor-gallery-item__overlay\"><\/div>\n\t\t\t\t\t\t\t\t\t\t\t\t\t\t<\/a>\n\t\t\t\t\t\t\t<a class=\"e-gallery-item elementor-gallery-item elementor-animated-content\" href=\"https:\/\/appointments.uni-dg.md\/wp-content\/uploads\/2025\/01\/UDG2024-167-1-1.jpg\" data-elementor-open-lightbox=\"yes\" data-elementor-lightbox-slideshow=\"9e90d3b\" data-elementor-lightbox-title=\"UDG2024-167 (1) (1)\" data-e-action-hash=\"#elementor-action%3Aaction%3Dlightbox%26settings%3DeyJpZCI6MTkyLCJ1cmwiOiJodHRwczpcL1wvYXBwb2ludG1lbnRzLnVuaS1kZy5tZFwvd3AtY29udGVudFwvdXBsb2Fkc1wvMjAyNVwvMDFcL1VERzIwMjQtMTY3LTEtMS5qcGciLCJzbGlkZXNob3ciOiI5ZTkwZDNiIn0%3D\">\n\t\t\t\t\t<div class=\"e-gallery-image elementor-gallery-item__image\" data-thumbnail=\"https:\/\/appointments.uni-dg.md\/wp-content\/uploads\/2025\/01\/UDG2024-167-1-1-300x200.jpg\" data-width=\"300\" data-height=\"200\" aria-label=\"\" role=\"img\" ><\/div>\n\t\t\t\t\t\t\t\t\t\t\t<div class=\"elementor-gallery-item__overlay\"><\/div>\n\t\t\t\t\t\t\t\t\t\t\t\t\t\t<\/a>\n\t\t\t\t\t\t\t<a class=\"e-gallery-item elementor-gallery-item elementor-animated-content\" href=\"https:\/\/appointments.uni-dg.md\/wp-content\/uploads\/2024\/10\/Divitia-Gratiae-1-1.webp\" data-elementor-open-lightbox=\"yes\" data-elementor-lightbox-slideshow=\"9e90d3b\" data-elementor-lightbox-title=\"Divitia-Gratiae\" data-e-action-hash=\"#elementor-action%3Aaction%3Dlightbox%26settings%3DeyJpZCI6MTA0LCJ1cmwiOiJodHRwczpcL1wvYXBwb2ludG1lbnRzLnVuaS1kZy5tZFwvd3AtY29udGVudFwvdXBsb2Fkc1wvMjAyNFwvMTBcL0Rpdml0aWEtR3JhdGlhZS0xLTEud2VicCIsInNsaWRlc2hvdyI6IjllOTBkM2IifQ%3D%3D\">\n\t\t\t\t\t<div class=\"e-gallery-image elementor-gallery-item__image\" data-thumbnail=\"https:\/\/appointments.uni-dg.md\/wp-content\/uploads\/2024\/10\/Divitia-Gratiae-1-1-300x200.webp\" data-width=\"300\" data-height=\"200\" aria-label=\"Universitatea Divitia Gratiae\" role=\"img\" ><\/div>\n\t\t\t\t\t\t\t\t\t\t\t<div class=\"elementor-gallery-item__overlay\"><\/div>\n\t\t\t\t\t\t\t\t\t\t\t\t\t\t<\/a>\n\t\t\t\t\t<\/div>\n\t\t\t\t\t<\/div>\n\t\t\t\t<\/div>\n\t\t\t\t<\/div>\n\t\t\t\t\t<\/div>\n\t\t\t\t<\/div>\n\t\t\t\t<\/div>","protected":false},"excerpt":{"rendered":"<p>UDG Calendar Join us for events that inspire, connect, and educate. UDG at a glance Join us for events that inspire, connect, and educate.<\/p>","protected":false},"author":1,"featured_media":0,"parent":0,"menu_order":0,"comment_status":"closed","ping_status":"closed","template":"","meta":{"_acf_changed":false,"footnotes":""},"class_list":["post-680","page","type-page","status-publish","hentry"],"acf":[],"_links":{"self":[{"href":"https:\/\/appointments.uni-dg.md\/ro\/wp-json\/wp\/v2\/pages\/680","targetHints":{"allow":["GET"]}}],"collection":[{"href":"https:\/\/appointments.uni-dg.md\/ro\/wp-json\/wp\/v2\/pages"}],"about":[{"href":"https:\/\/appointments.uni-dg.md\/ro\/wp-json\/wp\/v2\/types\/page"}],"author":[{"embeddable":true,"href":"https:\/\/appointments.uni-dg.md\/ro\/wp-json\/wp\/v2\/users\/1"}],"replies":[{"embeddable":true,"href":"https:\/\/appointments.uni-dg.md\/ro\/wp-json\/wp\/v2\/comments?post=680"}],"version-history":[{"count":22,"href":"https:\/\/appointments.uni-dg.md\/ro\/wp-json\/wp\/v2\/pages\/680\/revisions"}],"predecessor-version":[{"id":715,"href":"https:\/\/appointments.uni-dg.md\/ro\/wp-json\/wp\/v2\/pages\/680\/revisions\/715"}],"wp:attachment":[{"href":"https:\/\/appointments.uni-dg.md\/ro\/wp-json\/wp\/v2\/media?parent=680"}],"curies":[{"name":"wp","href":"https:\/\/api.w.org\/{rel}","templated":true}]}}